{"id":42,"date":"2017-06-22T07:43:03","date_gmt":"2017-06-22T07:43:03","guid":{"rendered":"http:\/\/foerdemaler.de\/?page_id=42"},"modified":"2026-03-16T19:33:47","modified_gmt":"2026-03-16T19:33:47","slug":"start","status":"publish","type":"page","link":"https:\/\/foerdemaler.de\/","title":{"rendered":"Start"},"content":{"rendered":"<div><\/div>\n<div id=\"txt_12\">\n<p class=\"Normal-P0\"><span class=\"Normal-C1\">Ich freue mich \u00fcber Ihren Besuch in meiner Galerie und w\u00fcnsche Ihnen viel Spa\u00df beim Ansehen der Bilde<\/span><\/p>\n<p>&nbsp;<\/p>\n<div class=\"rl-gallery-container rl-loading\" id=\"rl-gallery-container-1\" data-gallery_id=\"974\"> <div class=\"rl-gallery rl-basicgrid-gallery rl-hover-effect-1\" id=\"rl-gallery-1\" data-gallery_no=\"1\"> <div class=\"rl-gallery-item\"><a href=\"https:\/\/foerdemaler.de\/wp-content\/uploads\/2025\/02\/Raps_09_02_2025-Kopie-scaled.jpg\" title=\"\" data-rl_title=\"\" class=\"rl-gallery-link\" data-rl_caption=\"\" data-rel=\"lightbox-gallery-1\"><img loading=\"lazy\" decoding=\"async\" src=\"https:\/\/foerdemaler.de\/wp-content\/uploads\/2025\/02\/Raps_09_02_2025-Kopie-768x1036.jpg\" width=\"640\" height=\"863\" alt=\"\" \/><\/a><\/div><div class=\"rl-gallery-item\"><a href=\"https:\/\/foerdemaler.de\/wp-content\/uploads\/2025\/02\/Fit_03_20_2025-Kopie-scaled.jpg\" title=\"\" data-rl_title=\"\" class=\"rl-gallery-link\" data-rl_caption=\"\" data-rel=\"lightbox-gallery-1\"><img loading=\"lazy\" decoding=\"async\" src=\"https:\/\/foerdemaler.de\/wp-content\/uploads\/2025\/02\/Fit_03_20_2025-Kopie-768x810.jpg\" width=\"640\" height=\"675\" alt=\"\" \/><\/a><\/div><div class=\"rl-gallery-item\"><a href=\"https:\/\/foerdemaler.de\/wp-content\/uploads\/2025\/02\/Mutti_04_02_2025-Kopie.jpg\" title=\"\" data-rl_title=\"\" class=\"rl-gallery-link\" data-rl_caption=\"\" data-rel=\"lightbox-gallery-1\"><img loading=\"lazy\" decoding=\"async\" src=\"https:\/\/foerdemaler.de\/wp-content\/uploads\/2025\/02\/Mutti_04_02_2025-Kopie-768x759.jpg\" width=\"640\" height=\"633\" alt=\"\" \/><\/a><\/div><div class=\"rl-gallery-item\"><a href=\"https:\/\/foerdemaler.de\/wp-content\/uploads\/2025\/02\/Glueck_MM_02_2025-Kopie.jpg\" title=\"\" data-rl_title=\"\" class=\"rl-gallery-link\" data-rl_caption=\"\" data-rel=\"lightbox-gallery-1\"><img loading=\"lazy\" decoding=\"async\" src=\"https:\/\/foerdemaler.de\/wp-content\/uploads\/2025\/02\/Glueck_MM_02_2025-Kopie-768x778.jpg\" width=\"640\" height=\"648\" alt=\"\" \/><\/a><\/div> <\/div> <\/div>\n<p>&nbsp;<\/p>\n<p class=\"Normal-P0\"><span class=\"Normal-C3\">\u201eDie Kunst aber ist kein Handwerk, sondern Vermittlung von Gef\u00fchlen, die der K\u00fcnstler empfunden hat, und sie ist doch auch Handwerk.\u201d <\/span><\/p>\n<p class=\"Normal-P0\" style=\"text-align: center;\"><span class=\"Normal-C3\" style=\"font-size: 24pt;\"><strong><a href=\"http:\/\/foerdemaler.de\/?page_id=51\">ZUR <\/a><\/strong><strong><a href=\"http:\/\/foerdemaler.de\/?page_id=51\">GALERIE <\/a><\/strong><\/span><\/p>\n<\/div>\n<p>&nbsp;<\/p>\n<hr \/>\n<p>&nbsp;<\/p>\n<p><a href=\"https:\/\/holstenart.de\/de\/\"><img loading=\"lazy\" decoding=\"async\" class=\"alignnone size-full wp-image-1053\" src=\"https:\/\/foerdemaler.de\/wp-content\/uploads\/2026\/03\/hoart_post-banner.png\" alt=\"\" width=\"1080\" height=\"1350\" srcset=\"https:\/\/foerdemaler.de\/wp-content\/uploads\/2026\/03\/hoart_post-banner.png 1080w, https:\/\/foerdemaler.de\/wp-content\/uploads\/2026\/03\/hoart_post-banner-240x300.png 240w, https:\/\/foerdemaler.de\/wp-content\/uploads\/2026\/03\/hoart_post-banner-819x1024.png 819w, https:\/\/foerdemaler.de\/wp-content\/uploads\/2026\/03\/hoart_post-banner-768x960.png 768w, https:\/\/foerdemaler.de\/wp-content\/uploads\/2026\/03\/hoart_post-banner-450x563.png 450w, https:\/\/foerdemaler.de\/wp-content\/uploads\/2026\/03\/hoart_post-banner-600x750.png 600w\" sizes=\"auto, (max-width: 1080px) 100vw, 1080px\" \/><\/a><\/p>\n<p>&nbsp;<\/p>\n<h2 class=\"ce_headline m-top--sm m-bot--sm text-center\" style=\"text-align: center;\"><a href=\"https:\/\/holstenart.de\/de\/\"><span style=\"font-size: 36pt;\">HOLSTENART 2026<\/span><\/a><\/h2>\n<h3 class=\"ce_headline m-top--sm text-center\" style=\"text-align: center;\"><span style=\"font-size: 36pt;\">28.03 \u2013 29.03.2026<\/span><\/h3>\n<p>&nbsp;<\/p>\n<h2>\u00d6ffnungszeiten<\/h2>\n<table id=\"table_8185\" class=\" aligncenter\" style=\"width: 273px; height: 325px;\">\n<caption class=\"sr-only\">\u00d6ffnungszeiten der HOLSTENART-KUNSTMESSE<\/caption>\n<thead>\n<tr>\n<th class=\"head_0 col_first\" style=\"width: 52.0134%;\">Tag<\/th>\n<th class=\"head_1 col_last\" style=\"width: 233.295%;\">Uhrzeit<\/th>\n<\/tr>\n<\/thead>\n<tbody>\n<tr class=\"row_0 row_first odd\">\n<td class=\"col_0 col_first\" style=\"width: 52.0134%;\">Samstag, 28.03.2026<\/td>\n<td class=\"col_1 col_last\" style=\"width: 233.295%;\">10.00 \u2013 18.00 Uhr<\/td>\n<\/tr>\n<tr class=\"row_1 row_last even\">\n<td class=\"col_0 col_first\" style=\"width: 52.0134%;\">Sonntag, 29.03.2026<\/td>\n<td class=\"col_1 col_last\" style=\"width: 233.295%;\">10.00 \u2013 17.00 Uhr<\/td>\n<\/tr>\n<\/tbody>\n<\/table>\n<div class=\"row\" style=\"text-align: center;\"><span class=\"title medium\">Holstenhallen<\/span><\/div>\n<div class=\"row\" style=\"text-align: center;\"><span class=\"address\">Justus-von-Liebig-Stra\u00dfe 2-4, 24537 Neum\u00fcnster<\/span><\/div>\n<hr \/>\n<p>&nbsp;<\/p>\n<p>&nbsp;<\/p>\n<p>&nbsp;<\/p>\n<p style=\"text-align: center;\"><span style=\"font-size: 24pt;\">Tsch\u00fcss kleiner Roboter und gute Reise zum neuen Besitzer eine kleine Spende meinerseits f\u00fcr die Aktion<\/span><\/p>\n<p style=\"text-align: center;\"><a href=\"https:\/\/www.lubinus-kliniken.de\/kiel-malt-medizin-heute-und-im-jahr-2065.html\"><span style=\"font-size: 36pt;\"><strong>Kiel malt<\/strong><\/span><\/a><\/p>\n<p>&nbsp;<\/p>\n<h1 id=\"logo\" class=\"logo-type shuffle\" style=\"text-align: center;\"><img loading=\"lazy\" decoding=\"async\" class=\"alignnone wp-image-957\" src=\"https:\/\/foerdemaler.de\/wp-content\/uploads\/2025\/02\/Robotter_2011-Kopie.jpg\" alt=\"\" width=\"691\" height=\"704\" srcset=\"https:\/\/foerdemaler.de\/wp-content\/uploads\/2025\/02\/Robotter_2011-Kopie.jpg 1356w, https:\/\/foerdemaler.de\/wp-content\/uploads\/2025\/02\/Robotter_2011-Kopie-295x300.jpg 295w, https:\/\/foerdemaler.de\/wp-content\/uploads\/2025\/02\/Robotter_2011-Kopie-1006x1024.jpg 1006w, https:\/\/foerdemaler.de\/wp-content\/uploads\/2025\/02\/Robotter_2011-Kopie-768x782.jpg 768w, https:\/\/foerdemaler.de\/wp-content\/uploads\/2025\/02\/Robotter_2011-Kopie-450x458.jpg 450w, https:\/\/foerdemaler.de\/wp-content\/uploads\/2025\/02\/Robotter_2011-Kopie-600x611.jpg 600w\" sizes=\"auto, (max-width: 691px) 100vw, 691px\" \/><\/h1>\n<p>&nbsp;<\/p>\n<p style=\"text-align: center;\"><strong><span style=\"font-size: 36pt;\">Versteigerung:<\/span><\/strong><\/p>\n<p style=\"text-align: center;\"><span style=\"font-size: 24pt;\">Die Preisverleihung findet als \u00f6ffentliche Veranstaltung im Rahmen der Versteigerung der Kunstwerke statt, die im Welcome-Center von Kiel Marketing am Stresemannplatz in Kiel vorgesehen ist. Der Termin wird rechtzeitig ver\u00f6ffentlicht.\u00a0Der Erl\u00f6s kommt dem Verein \u201cTrauernde Kinder Schleswig-Holstein e.V.\u201d zugute.<\/span><\/p>\n<p style=\"text-align: center;\"><span style=\"font-size: 36pt;\"><strong>Vernissage<\/strong><\/span><\/p>\n<p style=\"text-align: center;\">am\u00a0<strong>Donnerstag, 10. Juli 2025, um <\/strong><strong>18:00 Uhr<\/strong><\/p>\n<p style=\"text-align: center;\">Alter Markt 17, 24103 Kiel<\/p>\n<p>&nbsp;<\/p>\n<p><a href=\"https:\/\/www.lubinus-kliniken.de\/kiel-malt-medizin-heute-und-im-jahr-2065.html\"><img loading=\"lazy\" decoding=\"async\" class=\" wp-image-1023 aligncenter\" src=\"https:\/\/foerdemaler.de\/wp-content\/uploads\/2025\/07\/Notes_250701_181844-1.jpg\" alt=\"\" width=\"641\" height=\"953\" srcset=\"https:\/\/foerdemaler.de\/wp-content\/uploads\/2025\/07\/Notes_250701_181844-1.jpg 720w, https:\/\/foerdemaler.de\/wp-content\/uploads\/2025\/07\/Notes_250701_181844-1-202x300.jpg 202w, https:\/\/foerdemaler.de\/wp-content\/uploads\/2025\/07\/Notes_250701_181844-1-689x1024.jpg 689w, https:\/\/foerdemaler.de\/wp-content\/uploads\/2025\/07\/Notes_250701_181844-1-450x669.jpg 450w, https:\/\/foerdemaler.de\/wp-content\/uploads\/2025\/07\/Notes_250701_181844-1-600x892.jpg 600w\" sizes=\"auto, (max-width: 641px) 100vw, 641px\" \/><\/a><\/p>\n<p style=\"text-align: center;\"><a href=\"https:\/\/www.lubinus-kliniken.de\/kiel-malt-medizin-heute-und-im-jahr-2065.html\"><span style=\"font-size: 24pt;\"><strong>die Aktion Kiel malt<\/strong><\/span><\/a><\/p>\n<p style=\"text-align: center;\">Medizin heute und im Jahr 2065 &#8211; Impressionen und Visionen<\/p>\n<p style=\"text-align: center;\"><strong>Ein B\u00fcrgerprojekt der Lubinus Kliniken GmbH <\/strong><strong>Schirmherrin des B\u00fcrgerprojektes\u00a0\u201cKiel malt\u201d: Kristina Herbst<\/strong><\/p>\n<p style=\"text-align: center;\"><strong>Erleben Sie einzigartige Kunstwerke unseres Malwettbewerbes &#8222;Kiel malt&#8220;.<\/strong><\/p>\n<p style=\"text-align: center;\">Besuchen Sie unsere Ausstellungen:<\/p>\n<p style=\"text-align: center;\"><strong>Pop-up Pavillon<\/strong><\/p>\n<p style=\"text-align: center;\">Alter Markt 17, 24103 Kiel<\/p>\n<ol style=\"text-align: center;\">\n<li>1 bis 26. Juli 2025<\/li>\n<\/ol>\n<p style=\"text-align: center;\">Mo &#8211; Sa 11 &#8211; 18 Uhr, So 13.7. 11 &#8211; 16 Uhr<\/p>\n<p>&nbsp;<\/p>\n<h2 class=\"ce_headline center\" style=\"text-align: center;\"><a href=\"https:\/\/www.lubinus-kliniken.de\/kiel-malt-medizin-heute-und-im-jahr-2065\/online-galerie-kiel-malt.html\"><span style=\"font-size: 36pt;\">Online-Galerie &#8222;Kiel malt&#8220;<\/span><\/a><\/h2>\n<p>&nbsp;<\/p>\n<p>&nbsp;<\/p>\n<p>&nbsp;<\/p>\n<p>&nbsp;<\/p>\n<hr \/>\n<p>&nbsp;<\/p>\n<header class=\"entry-header\"><\/header>\n<p>&nbsp;<\/p>\n<p>&nbsp;<\/p>\n<p style=\"text-align: left;\"><a href=\"https:\/\/www.kunstundbuendig.com\/\"><img loading=\"lazy\" decoding=\"async\" class=\" wp-image-634 alignleft\" src=\"http:\/\/foerdemaler.de\/wp-content\/uploads\/2019\/10\/KB.jpg\" alt=\"\" width=\"329\" height=\"352\" srcset=\"https:\/\/foerdemaler.de\/wp-content\/uploads\/2019\/10\/KB.jpg 536w, https:\/\/foerdemaler.de\/wp-content\/uploads\/2019\/10\/KB-281x300.jpg 281w, https:\/\/foerdemaler.de\/wp-content\/uploads\/2019\/10\/KB-450x481.jpg 450w\" sizes=\"auto, (max-width: 329px) 100vw, 329px\" \/><\/a><\/p>\n<p>&nbsp;<\/p>\n<p>&nbsp;<\/p>\n<p style=\"text-align: left;\">In erster Linie gegr\u00fcndet, um gemeinsam Ausstellungen zu realieren, haben wir neben Auftritten auf eher klassischen Kulturveranstaltungen (Kultournacht in Neum\u00fcnster \/ <a href=\"https:\/\/die-luebecker-museen.de\/museumsnacht-2019\" target=\"_blank\" rel=\"noopener noreferrer\">Museumsnacht L\u00fcbeck<\/a>) und eher ungew\u00f6hnlichen Auftritten (<a href=\"https:\/\/www.ktsh.de\/klassiker-tage\/\" target=\"_blank\" rel=\"noopener noreferrer\">Klassiker-Tage<\/a>) einen besonderen Ansatz entwickelt: Die Guerilla-Ausstellung.<\/p>\n<p style=\"text-align: left;\">Daf\u00fcr nutzen wir leerstehende Ladenlokale (nat\u00fcrlich in Absprache mit dem Eigent\u00fcmer) f\u00fcr ein- oder zweit\u00e4gige Ausstellungen. Kunst kommt zum Interessierten, nicht umgekehrt. Und da alle K\u00fcnstler an diesem Tagen auch vor Ort sind, sind Fragen zu den Kunstwerken nicht nur m\u00f6glich sondern ausdr\u00fccklich erw\u00fcnscht.<\/p>\n<p><a href=\"https:\/\/www.kunstundbuendig.com\/\">KUNST &amp; B\u00dcNDIG ZUR WEBSITE<\/a><\/p>\n<p><a href=\"https:\/\/www.facebook.com\/groups\/1302939013122208\/\">KUNST &amp; B\u00dcNDIG BEI FACEBOOK<\/a><\/p>\n<p>&nbsp;<\/p>\n","protected":false},"excerpt":{"rendered":"<p>Ich freue mich \u00fcber Ihren Besuch in meiner Galerie und w\u00fcnsche Ihnen viel Spa\u00df beim Ansehen der Bilde &nbsp; &nbsp; \u201eDie Kunst aber ist kein Handwerk, sondern Vermittlung von Gef\u00fchlen, [&hellip;]<\/p>\n","protected":false},"author":1,"featured_media":0,"parent":0,"menu_order":0,"comment_status":"closed","ping_status":"closed","template":"","meta":{"footnotes":""},"class_list":["post-42","page","type-page","status-publish","hentry"],"_links":{"self":[{"href":"https:\/\/foerdemaler.de\/index.php?rest_route=\/wp\/v2\/pages\/42","targetHints":{"allow":["GET"]}}],"collection":[{"href":"https:\/\/foerdemaler.de\/index.php?rest_route=\/wp\/v2\/pages"}],"about":[{"href":"https:\/\/foerdemaler.de\/index.php?rest_route=\/wp\/v2\/types\/page"}],"author":[{"embeddable":true,"href":"https:\/\/foerdemaler.de\/index.php?rest_route=\/wp\/v2\/users\/1"}],"replies":[{"embeddable":true,"href":"https:\/\/foerdemaler.de\/index.php?rest_route=%2Fwp%2Fv2%2Fcomments&post=42"}],"version-history":[{"count":98,"href":"https:\/\/foerdemaler.de\/index.php?rest_route=\/wp\/v2\/pages\/42\/revisions"}],"predecessor-version":[{"id":1056,"href":"https:\/\/foerdemaler.de\/index.php?rest_route=\/wp\/v2\/pages\/42\/revisions\/1056"}],"wp:attachment":[{"href":"https:\/\/foerdemaler.de\/index.php?rest_route=%2Fwp%2Fv2%2Fmedia&parent=42"}],"curies":[{"name":"wp","href":"https:\/\/api.w.org\/{rel}","templated":true}]}}