{"id":59,"date":"2017-06-22T08:30:04","date_gmt":"2017-06-22T08:30:04","guid":{"rendered":"http:\/\/foerdemaler.de\/?page_id=59"},"modified":"2022-01-21T12:44:39","modified_gmt":"2022-01-21T12:44:39","slug":"kontakt","status":"publish","type":"page","link":"https:\/\/foerdemaler.de\/?page_id=59","title":{"rendered":"Kontakt"},"content":{"rendered":"<p>Klaus M\u00fcller<br \/>\nDiplom-Designer<br \/>\nAtelier im Hinterhaus<br \/>\nWei\u00dfenburgstra\u00dfe 11<br \/>\n24116 Kiel<br \/>\nTel: 0178 8350427 \/ 0431 12872161<\/p>\n<p>E-Mail: info@foerdemaler.de<span style=\"font-family: georgia, palatino, serif;\"><br \/>\n<\/span>E-Mail: kmueller210@googlemail.com<br \/>\nInternet: www.foerdemaler.de<\/p>\n<div class=\"su-custom-gallery su-custom-gallery-align-left su-custom-gallery-title-never su-lightbox-gallery\"><div class=\"su-custom-gallery-slide\" style=\"width:120px;height:120px\"><a href=\"https:\/\/foerdemaler.de\/wp-content\/uploads\/2017\/06\/Juno_02.jpg\" title=\"\" data-rel=\"lightbox-image-0\" data-rl_title=\"\" data-rl_caption=\"\"><img loading=\"lazy\" decoding=\"async\" src=\"https:\/\/foerdemaler.de\/wp-content\/uploads\/2017\/06\/Juno_02-120x120.jpg\" alt=\"Juno_02\" width=\"120\" height=\"120\" \/><span class=\"su-custom-gallery-title\">Juno_02<\/span><\/a><\/div><div class=\"su-custom-gallery-slide\" style=\"width:120px;height:120px\"><a href=\"https:\/\/foerdemaler.de\/wp-content\/uploads\/2017\/06\/CONVAR228.jpg\" title=\"\" data-rel=\"lightbox-image-1\" data-rl_title=\"\" data-rl_caption=\"\"><img loading=\"lazy\" decoding=\"async\" src=\"https:\/\/foerdemaler.de\/wp-content\/uploads\/2017\/06\/CONVAR228-120x120.jpg\" alt=\"CONVAR228\" width=\"120\" height=\"120\" \/><span class=\"su-custom-gallery-title\">CONVAR228<\/span><\/a><\/div><div class=\"su-custom-gallery-slide\" style=\"width:120px;height:120px\"><a href=\"https:\/\/foerdemaler.de\/wp-content\/uploads\/2017\/06\/IMG_0181.jpg\" title=\"\" data-rel=\"lightbox-image-2\" data-rl_title=\"\" data-rl_caption=\"\"><img loading=\"lazy\" decoding=\"async\" src=\"https:\/\/foerdemaler.de\/wp-content\/uploads\/2017\/06\/IMG_0181-120x120.jpg\" alt=\"IMG_0181\" width=\"120\" height=\"120\" \/><span class=\"su-custom-gallery-title\">IMG_0181<\/span><\/a><\/div><div class=\"su-custom-gallery-slide\" style=\"width:120px;height:120px\"><a href=\"https:\/\/foerdemaler.de\/wp-content\/uploads\/2017\/06\/IMG_0168-Kopie-Kopie-1.jpg\" title=\"\" data-rel=\"lightbox-image-3\" data-rl_title=\"\" data-rl_caption=\"\"><img loading=\"lazy\" decoding=\"async\" src=\"https:\/\/foerdemaler.de\/wp-content\/uploads\/2017\/06\/IMG_0168-Kopie-Kopie-1-120x120.jpg\" alt=\"IMG_0168 Kopie Kopie\" width=\"120\" height=\"120\" \/><span class=\"su-custom-gallery-title\">IMG_0168 Kopie Kopie<\/span><\/a><\/div><div class=\"su-custom-gallery-slide\" style=\"width:120px;height:120px\"><a href=\"https:\/\/foerdemaler.de\/wp-content\/uploads\/2017\/06\/IMG_0185.jpg\" title=\"\" data-rel=\"lightbox-image-4\" data-rl_title=\"\" data-rl_caption=\"\"><img loading=\"lazy\" decoding=\"async\" src=\"https:\/\/foerdemaler.de\/wp-content\/uploads\/2017\/06\/IMG_0185-120x120.jpg\" alt=\"IMG_0185\" width=\"120\" height=\"120\" \/><span class=\"su-custom-gallery-title\">IMG_0185<\/span><\/a><\/div><div class=\"su-clear\"><\/div><\/div>\n","protected":false},"excerpt":{"rendered":"<p>Klaus M\u00fcller Diplom-Designer Atelier im Hinterhaus Wei\u00dfenburgstra\u00dfe 11 24116 Kiel Tel: 0178 8350427 \/ 0431 12872161 E-Mail: info@foerdemaler.de E-Mail: kmueller210@googlemail.com Internet: www.foerdemaler.de<\/p>\n","protected":false},"author":1,"featured_media":0,"parent":0,"menu_order":0,"comment_status":"closed","ping_status":"closed","template":"","meta":{"footnotes":""},"class_list":["post-59","page","type-page","status-publish","hentry"],"_links":{"self":[{"href":"https:\/\/foerdemaler.de\/index.php?rest_route=\/wp\/v2\/pages\/59","targetHints":{"allow":["GET"]}}],"collection":[{"href":"https:\/\/foerdemaler.de\/index.php?rest_route=\/wp\/v2\/pages"}],"about":[{"href":"https:\/\/foerdemaler.de\/index.php?rest_route=\/wp\/v2\/types\/page"}],"author":[{"embeddable":true,"href":"https:\/\/foerdemaler.de\/index.php?rest_route=\/wp\/v2\/users\/1"}],"replies":[{"embeddable":true,"href":"https:\/\/foerdemaler.de\/index.php?rest_route=%2Fwp%2Fv2%2Fcomments&post=59"}],"version-history":[{"count":7,"href":"https:\/\/foerdemaler.de\/index.php?rest_route=\/wp\/v2\/pages\/59\/revisions"}],"predecessor-version":[{"id":812,"href":"https:\/\/foerdemaler.de\/index.php?rest_route=\/wp\/v2\/pages\/59\/revisions\/812"}],"wp:attachment":[{"href":"https:\/\/foerdemaler.de\/index.php?rest_route=%2Fwp%2Fv2%2Fmedia&parent=59"}],"curies":[{"name":"wp","href":"https:\/\/api.w.org\/{rel}","templated":true}]}}