{"id":63,"date":"2017-06-22T08:55:12","date_gmt":"2017-06-22T08:55:12","guid":{"rendered":"http:\/\/foerdemaler.de\/?page_id=63"},"modified":"2018-05-02T08:56:39","modified_gmt":"2018-05-02T08:56:39","slug":"impresum","status":"publish","type":"page","link":"https:\/\/foerdemaler.de\/?page_id=63","title":{"rendered":"Impressum"},"content":{"rendered":"<div id=\"txt_12\">\n<p class=\"normal-p0\"><span class=\"normal-c2\">www.foerdemaler.de<\/span><br \/>\n<span class=\"normal-c2\">Klaus M\u00fcller<\/span><br \/>\n<span class=\"normal-c2\">Diplom-Designer<\/span><br \/>\n<span class=\"normal-c2\">Atelier im Hinterhaus<br \/>\nWei\u00dfenburgstra\u00dfe 11<br \/>\n24116 Kiel<br \/>\nTel: 0178 8350427 \/ 0431 12872161<\/span><\/p>\n<p>E-Mail: kmueller210@googlemail.com<br \/>\nInternet: www.foerdemaler.de<br \/>\nSteuernummer: 16\/130\/04602<br \/>\nGerichtsstand: Kiel<\/p>\n<p class=\"H3-P\"><span class=\"Normal-C1\">Haftungsausschluss<\/span><\/p>\n<p class=\"Normal-P0\"><span class=\"Normal-C1\">1.Inhalt des Onlineangebotes<\/span><span class=\"Normal-C2\"><br \/>\nDer Autor \u00fcbernimmt keinerlei Gew\u00e4hr f\u00fcr die Aktualit\u00e4t, Korrektheit, Vollst\u00e4ndigkeit oder Qualit\u00e4t der bereitgestellten Informationen. Haftungsanspr\u00fcche gegen den Autor, die sich auf Sch\u00e4den materieller oder ideeller Art beziehen, welche durch die Nutzung oder Nichtnutzung der dargebotenen Informationen bzw. durch die Nutzung fehlerhafter und unvollst\u00e4ndiger Informationen verursacht wurden sind grunds\u00e4tzlich ausgeschlossen, sofern seitens des Autors kein nachweislich vors\u00e4tzliches oder grob fahrl\u00e4ssiges Verschulden vorliegt. Alle Angebote sind freibleibend und unverbindlich. Der Autor beh\u00e4lt es sich ausdr\u00fccklich vor, Teile der Seiten oder das gesamte Angebot ohne gesonderte Ank\u00fcndigung zu ver\u00e4ndern, zu erg\u00e4nzen, zu l\u00f6schen oder die Ver\u00f6ffentlichung zeitweise oder endg\u00fcltig einzustellen.<\/span><\/p>\n<p class=\"Normal-P0\"><span class=\"Normal-C1\">2. Verweise und Links<\/span><span class=\"Normal-C2\"><br \/>\nSofern auf Verweisziele (&#8222;Links&#8220;) direkt oder indirekt verwiesen wird, die au\u00dferhalb des Verantwortungsbereiches des Autors liegen, haftet dieser nur dann, wenn er von den Inhalten Kenntnis hat und es ihm technisch m\u00f6glich und zumutbar w\u00e4re, die Nutzung im Falle rechtswidriger Inhalte zu verhindern. F\u00fcr dar\u00fcber hinausgehende Inhalte und insbesondere f\u00fcr Sch\u00e4den, die aus der Nutzung oder Nichtnutzung solcherart dargebotener Informationen entstehen, haftet allein der Anbieter dieser Seiten, nicht derjenige, der \u00fcber Links auf die jeweilige Ver\u00f6ffentlichung lediglich verweist.<\/span><\/p>\n<p class=\"Normal-P0\"><span class=\"Normal-C1\">ACHTUNG:<\/span><span class=\"Normal-C2\"> Das Landgericht Hamburg hat mit Urteil vom 12.05.1998 entschieden, dass man durch die Anbringung eines Links die Inhalte der gelinkten Seite ggf. mit zu verantworten hat. Dies kann &#8211; so das LG &#8211; nur dadurch verhindert werden, dass man sich ausdr\u00fccklich von diesen Inhalten distanziert. Wir haben auf unserer Website Links zu anderen Seiten im Internet gelegt und f\u00fcr all diese Links gilt: &#8222;Wir m\u00f6chten ausdr\u00fccklich betonen, dass wir keinerlei Einflu\u00df auf die Gestaltung und die Inhalte der gelinkten Seiten haben. Deshalb distanzieren wir uns hiermit ausdr\u00fccklich von allen Inhalten aller gelinkten Seiten auf unseren gesamten Websiten inkl. aller Unterseiten. Diese Erkl\u00e4rung gilt also f\u00fcr alle auf unseren Webseiten angebrachten Links und f\u00fcr alle Inhalte der Seiten, zu denen Links oder Banner f\u00fchren.&#8220;<\/span><\/p>\n<p class=\"Normal-P0\"><span class=\"Normal-C1\">3. Urheberrecht und Recht am eigenen Bild<\/span><span class=\"Normal-C2\"><br \/>\nDer Autor ist bestrebt, in allen Publikationen die Urheberrechte der verwendeten Grafiken, Sounds und Texte zu beachten, von ihm selbst erstellte Grafiken, Sounds und Texte zu nutzen oder auf lizenzfreie Grafiken, Sounds und Texte zur\u00fcckzugreifen. Sollte sich auf den jeweiligen Seiten dennoch eine ungekennzeichnete, aber durch fremdes Copyright gesch\u00fctzte Grafik, ein Sound oder Text befinden, so konnte das Copyright vom Autor nicht festgestellt werden. Im Falle einer solchen unbeabsichtigten Copyrightverletzung wird der Autor das entsprechende Objekt nach Benachrichtigung aus seiner Publikation entfernen bzw. mit dem entsprechenden Copyright kenntlich machen. Das Copyright f\u00fcr ver\u00f6ffentlichte, vom Autor selbst erstellte Objekte bleibt allein beim Autor der Seiten. Eine Vervielf\u00e4ltigung oder Verwendung solcher Grafiken, Sounds oder Texte in anderen elektronischen oder gedruckten Publikationen ist ohne ausdr\u00fcckliche Zustimmung des Autors nicht gestattet. Soweit die Inhalte auf dieser Seite nicht vom Betreiber erstellt wurden, werden die Urheberrechte Dritter beachtet. Insbesondere werden Inhalte Dritter als solche gekennzeichnet. Sollten Sie trotzdem auf eine Urheberrechtsverletzung aufmerksam werden, bitten wir um einen entsprechenden Hinweis. Bei Bekanntwerden von Rechtsverletzungen werden wir derartige Inhalte umgehend entfernen.<\/span><\/p>\n<p class=\"Normal-P0\"><span class=\"Normal-C1\">4. Rechtswirksamkeit dieses Haftungsausschlusses<\/span><span class=\"Normal-C2\"><br \/>\nDieser Haftungsausschluss ist als Teil des Internetangebotes zu betrachten, von dem aus auf diese Seite verwiesen wurde. Sofern Teile oder einzelne Formulierungen dieses Textes der geltenden Rechtslage nicht, nicht mehr oder nicht vollst\u00e4ndig entsprechen sollten, bleiben die \u00fcbrigen Teile des Dokumentes in ihrem Inhalt und ihrer G\u00fcltigkeit davon unber\u00fchrt.<\/span><\/p>\n<p class=\"H3-P\"><span class=\"Normal-C3\">\u00a0<\/span><\/p>\n<\/div>\n","protected":false},"excerpt":{"rendered":"<p>www.foerdemaler.de Klaus M\u00fcller Diplom-Designer Atelier im Hinterhaus Wei\u00dfenburgstra\u00dfe 11 24116 Kiel Tel: 0178 8350427 \/ 0431 12872161 E-Mail: kmueller210@googlemail.com Internet: www.foerdemaler.de Steuernummer: 16\/130\/04602 Gerichtsstand: Kiel Haftungsausschluss 1.Inhalt des Onlineangebotes Der [&hellip;]<\/p>\n","protected":false},"author":1,"featured_media":0,"parent":0,"menu_order":0,"comment_status":"closed","ping_status":"closed","template":"","meta":{"footnotes":""},"class_list":["post-63","page","type-page","status-publish","hentry"],"_links":{"self":[{"href":"https:\/\/foerdemaler.de\/index.php?rest_route=\/wp\/v2\/pages\/63","targetHints":{"allow":["GET"]}}],"collection":[{"href":"https:\/\/foerdemaler.de\/index.php?rest_route=\/wp\/v2\/pages"}],"about":[{"href":"https:\/\/foerdemaler.de\/index.php?rest_route=\/wp\/v2\/types\/page"}],"author":[{"embeddable":true,"href":"https:\/\/foerdemaler.de\/index.php?rest_route=\/wp\/v2\/users\/1"}],"replies":[{"embeddable":true,"href":"https:\/\/foerdemaler.de\/index.php?rest_route=%2Fwp%2Fv2%2Fcomments&post=63"}],"version-history":[{"count":9,"href":"https:\/\/foerdemaler.de\/index.php?rest_route=\/wp\/v2\/pages\/63\/revisions"}],"predecessor-version":[{"id":399,"href":"https:\/\/foerdemaler.de\/index.php?rest_route=\/wp\/v2\/pages\/63\/revisions\/399"}],"wp:attachment":[{"href":"https:\/\/foerdemaler.de\/index.php?rest_route=%2Fwp%2Fv2%2Fmedia&parent=63"}],"curies":[{"name":"wp","href":"https:\/\/api.w.org\/{rel}","templated":true}]}}