{"id":67,"date":"2017-06-22T09:31:55","date_gmt":"2017-06-22T09:31:55","guid":{"rendered":"http:\/\/foerdemaler.de\/?page_id=67"},"modified":"2020-10-06T07:05:30","modified_gmt":"2020-10-06T07:05:30","slug":"die-auftragsabwicklung-faktoren-der-preisgestaltung","status":"publish","type":"page","link":"https:\/\/foerdemaler.de\/?page_id=67","title":{"rendered":"Bild kaufen oder in Auftrag geben"},"content":{"rendered":"<div id=\"txt_12\">\n<p><span style=\"font-size: 14pt;\">Sie m\u00f6chten ein Bild kaufen oder in Auftrag geben? Nehmen Sie per e-mail oder telefonisch Kontakt mit mir auf und schildern Sie mir Ihre W\u00fcnsche und Vorstellungen.<\/span><\/p>\n<p><strong>Wohnraum gestalten durch Wandgem\u00e4lde oder doch lieber ein klassisches Gem\u00e4lde zum Aufh\u00e4ngen &#8211; hier ein paar Erk\u00e4rungen zum Thema Auftragsabwicklung und Faktoren der Preisgestaltung:<br \/>\n<\/strong><\/p>\n<div id='gallery-1' class='gallery galleryid-67 gallery-columns-9 gallery-size-thumbnail'><figure class='gallery-item'>\n\t\t\t<div class='gallery-icon landscape'>\n\t\t\t\t<img loading=\"lazy\" decoding=\"async\" width=\"150\" height=\"150\" src=\"https:\/\/foerdemaler.de\/wp-content\/uploads\/2017\/06\/DSCF6175-150x150.jpg\" class=\"attachment-thumbnail size-thumbnail\" alt=\"\" \/>\n\t\t\t<\/div><\/figure><figure class='gallery-item'>\n\t\t\t<div class='gallery-icon landscape'>\n\t\t\t\t<img loading=\"lazy\" decoding=\"async\" width=\"150\" height=\"150\" src=\"https:\/\/foerdemaler.de\/wp-content\/uploads\/2017\/06\/DSCF6176-150x150.jpg\" class=\"attachment-thumbnail size-thumbnail\" alt=\"\" \/>\n\t\t\t<\/div><\/figure><figure class='gallery-item'>\n\t\t\t<div class='gallery-icon landscape'>\n\t\t\t\t<img loading=\"lazy\" decoding=\"async\" width=\"150\" height=\"150\" src=\"https:\/\/foerdemaler.de\/wp-content\/uploads\/2017\/06\/IMG_0925-150x150.jpg\" class=\"attachment-thumbnail size-thumbnail\" alt=\"\" \/>\n\t\t\t<\/div><\/figure><figure class='gallery-item'>\n\t\t\t<div class='gallery-icon landscape'>\n\t\t\t\t<img loading=\"lazy\" decoding=\"async\" width=\"150\" height=\"150\" src=\"https:\/\/foerdemaler.de\/wp-content\/uploads\/2017\/06\/IMG_0926-150x150.jpg\" class=\"attachment-thumbnail size-thumbnail\" alt=\"\" \/>\n\t\t\t<\/div><\/figure><figure class='gallery-item'>\n\t\t\t<div class='gallery-icon landscape'>\n\t\t\t\t<img loading=\"lazy\" decoding=\"async\" width=\"150\" height=\"150\" src=\"https:\/\/foerdemaler.de\/wp-content\/uploads\/2017\/06\/IMG_0928-150x150.jpg\" class=\"attachment-thumbnail size-thumbnail\" alt=\"\" \/>\n\t\t\t<\/div><\/figure><figure class='gallery-item'>\n\t\t\t<div class='gallery-icon portrait'>\n\t\t\t\t<img loading=\"lazy\" decoding=\"async\" width=\"150\" height=\"150\" src=\"https:\/\/foerdemaler.de\/wp-content\/uploads\/2017\/06\/Unbenannt-1325-150x150.jpg\" class=\"attachment-thumbnail size-thumbnail\" alt=\"\" \/>\n\t\t\t<\/div><\/figure><figure class='gallery-item'>\n\t\t\t<div class='gallery-icon portrait'>\n\t\t\t\t<img loading=\"lazy\" decoding=\"async\" width=\"150\" height=\"150\" src=\"https:\/\/foerdemaler.de\/wp-content\/uploads\/2017\/06\/Unbenannt-154-150x150.jpg\" class=\"attachment-thumbnail size-thumbnail\" alt=\"\" \/>\n\t\t\t<\/div><\/figure><figure class='gallery-item'>\n\t\t\t<div class='gallery-icon landscape'>\n\t\t\t\t<img loading=\"lazy\" decoding=\"async\" width=\"150\" height=\"150\" src=\"https:\/\/foerdemaler.de\/wp-content\/uploads\/2017\/06\/Vogel-02-150x150.jpg\" class=\"attachment-thumbnail size-thumbnail\" alt=\"\" \/>\n\t\t\t<\/div><\/figure><figure class='gallery-item'>\n\t\t\t<div class='gallery-icon portrait'>\n\t\t\t\t<img loading=\"lazy\" decoding=\"async\" width=\"150\" height=\"150\" src=\"https:\/\/foerdemaler.de\/wp-content\/uploads\/2017\/06\/Bad-T\u00fcr-150x150.jpg\" class=\"attachment-thumbnail size-thumbnail\" alt=\"\" \/>\n\t\t\t<\/div><\/figure>\n\t\t<\/div>\n\n<p><strong>Auftragsabwicklung &amp; Faktoren der Preisgestaltung<\/strong><\/p>\n<p>Sie m\u00f6chten eine Bild in Auftrag geben oder eine Wand mit einem Wandgem\u00e4lde versch\u00f6nern \u2013 ich bin Ihnen gern bei der Gestaltung und Ausf\u00fchrung dieses Auftrages behilflich.<\/p>\n<p>Bevor es mit dem Malen losgehen kann, m\u00fcssen einige Dinge bedacht und besprochen werden:<\/p>\n<p>&nbsp;<\/p>\n<ol>\n<li><strong> Die Malfl\u00e4che:<\/strong><\/li>\n<\/ol>\n<p>&#8211; Ein Gem\u00e4lde auf Leinwand oder ein Wandbild ?<\/p>\n<p>&#8211; An welchem Ort soll das Gem\u00e4lde \/ Wandbild entstehen?<\/p>\n<p>&#8211; Ist die Malfl\u00e4che drinnen oder drau\u00dfen ?<\/p>\n<p>&#8211; Ist ein Ger\u00fcst n\u00f6tig oder ist die Malfl\u00e4che auch so gut zug\u00e4nglich?<\/p>\n<p>&#8211; Wie ist die Beschaffenheit der Malfl\u00e4che? (Tapete, Putz, glatte oder rauhe Oberfl\u00e4che &#8230;?)<\/p>\n<p>&nbsp;<\/p>\n<ol start=\"2\">\n<li><strong> Das Motiv:<\/strong><\/li>\n<\/ol>\n<p>&#8211; Haben Sie bereits eine Motividee oder m\u00f6chten Sie, dass diese erst noch entwickelt wird?<\/p>\n<p>&#8211; Ist ein Vorentwurf n\u00f6tig, um schon vorab einen Eindruck von dem sp\u00e4teren Wandbild zu bekommen?<\/p>\n<p>&nbsp;<\/p>\n<ol start=\"3\">\n<li><strong> Der zeitliche Ablauf:<\/strong><\/li>\n<\/ol>\n<p>Nun gilt es noch, den zeitlichen Ablauf abzustimmen. W\u00e4hrend dieses in privaten R\u00e4umen meistens recht unkompliziert ist, k\u00f6nnen in gewerblichen R\u00e4umen Termine oder \u00d6ffnungszeiten einen genaueren Zeitplan n\u00f6tig machen.<\/p>\n<p>&nbsp;<\/p>\n<ol start=\"4\">\n<li><strong> Die Kosten:<\/strong><\/li>\n<\/ol>\n<p>Sind alle Details besprochen, k\u00f6nnen die Kosten des Projekts errechnet werden. (Wie sich die Kosten von Wandbildern zusammensetzen, k\u00f6nnen Sie unter \u201cPreise\u201d erfahren.)<\/p>\n<p>Ganz wichtig dabei: Alle Beratungen und Vorplanungen sind nat\u00fcrlich grunds\u00e4tzlich erst einmal kostenfrei f\u00fcr Sie. Bei gr\u00f6\u00dferen Projekten, weiten Anreisen (sofern ein Vororttermin n\u00f6tig ist) und extra erstellten Vorentw\u00fcrfen k\u00f6nnen Kosten anfallen. Sollten Kosten anfallen, k\u00fcndige ich Ihnen dies\u00a0immer vorher an.<\/p>\n<p>&nbsp;<\/p>\n<p><strong>So entsteht ein Wandbild:<\/strong><\/p>\n<p>Jeder Raum hat seine individuelle Ausstrahlung und bietet eigene M\u00f6glichkeiten f\u00fcr passende Wandbemalungen. Ist eine Motividee gefunden, kann es losgehen.<\/p>\n<p>Vorher:<\/p>\n<p><img loading=\"lazy\" decoding=\"async\" class=\"alignnone size-medium wp-image-301\" src=\"http:\/\/foerdemaler.de\/wp-content\/uploads\/2017\/08\/Thoschana-Kopie-Kopie-228x300.jpg\" alt=\"\" width=\"228\" height=\"300\" srcset=\"https:\/\/foerdemaler.de\/wp-content\/uploads\/2017\/08\/Thoschana-Kopie-Kopie-228x300.jpg 228w, https:\/\/foerdemaler.de\/wp-content\/uploads\/2017\/08\/Thoschana-Kopie-Kopie.jpg 323w\" sizes=\"auto, (max-width: 228px) 100vw, 228px\" \/><\/p>\n<p>In diesem Beispiel galt es, die bestehende Architektur in das Wandbild aufzunehmen.<\/p>\n<p>&nbsp;<\/p>\n<p><strong>Der Entwurf:<\/strong><\/p>\n<p><img loading=\"lazy\" decoding=\"async\" class=\"alignnone size-medium wp-image-296\" src=\"http:\/\/foerdemaler.de\/wp-content\/uploads\/2017\/08\/Toscana-skitze1-237x300.jpg\" alt=\"\" width=\"237\" height=\"300\" srcset=\"https:\/\/foerdemaler.de\/wp-content\/uploads\/2017\/08\/Toscana-skitze1-237x300.jpg 237w, https:\/\/foerdemaler.de\/wp-content\/uploads\/2017\/08\/Toscana-skitze1-768x970.jpg 768w, https:\/\/foerdemaler.de\/wp-content\/uploads\/2017\/08\/Toscana-skitze1-810x1024.jpg 810w, https:\/\/foerdemaler.de\/wp-content\/uploads\/2017\/08\/Toscana-skitze1-450x569.jpg 450w, https:\/\/foerdemaler.de\/wp-content\/uploads\/2017\/08\/Toscana-skitze1-600x758.jpg 600w, https:\/\/foerdemaler.de\/wp-content\/uploads\/2017\/08\/Toscana-skitze1.jpg 827w\" sizes=\"auto, (max-width: 237px) 100vw, 237px\" \/><\/p>\n<p>Per Computeranimation oder von Hand wurde ein Vorentwurf f\u00fcr das Wandbild erstellt.<\/p>\n<p>&nbsp;<\/p>\n<p>&nbsp;<\/p>\n<p><strong>Nachher:<\/strong><\/p>\n<p><a href=\"http:\/\/foerdemaler.de\/wp-content\/uploads\/2017\/08\/Toscanalandschaft_2011.jpg\" data-rel=\"lightbox-image-0\" data-rl_title=\"\" data-rl_caption=\"\" title=\"\"><img loading=\"lazy\" decoding=\"async\" class=\"alignnone wp-image-297 size-medium\" src=\"http:\/\/foerdemaler.de\/wp-content\/uploads\/2017\/08\/Toscanalandschaft_2011-217x300.jpg\" alt=\"\" width=\"217\" height=\"300\" srcset=\"https:\/\/foerdemaler.de\/wp-content\/uploads\/2017\/08\/Toscanalandschaft_2011-217x300.jpg 217w, https:\/\/foerdemaler.de\/wp-content\/uploads\/2017\/08\/Toscanalandschaft_2011-768x1062.jpg 768w, https:\/\/foerdemaler.de\/wp-content\/uploads\/2017\/08\/Toscanalandschaft_2011-741x1024.jpg 741w, https:\/\/foerdemaler.de\/wp-content\/uploads\/2017\/08\/Toscanalandschaft_2011-450x622.jpg 450w, https:\/\/foerdemaler.de\/wp-content\/uploads\/2017\/08\/Toscanalandschaft_2011-600x830.jpg 600w, https:\/\/foerdemaler.de\/wp-content\/uploads\/2017\/08\/Toscanalandschaft_2011.jpg 1970w\" sizes=\"auto, (max-width: 217px) 100vw, 217px\" \/><\/a><a href=\"http:\/\/foerdemaler.de\/wp-content\/uploads\/2017\/08\/Toscanalandschaft-opti_2011-Kopie-Kopie.jpg\" data-rel=\"lightbox-image-1\" data-rl_title=\"\" data-rl_caption=\"\" title=\"\">\u00a0\u00a0 <img loading=\"lazy\" decoding=\"async\" class=\"alignnone wp-image-298 size-medium\" src=\"http:\/\/foerdemaler.de\/wp-content\/uploads\/2017\/08\/Toscanalandschaft-opti_2011-Kopie-Kopie-203x300.jpg\" alt=\"\" width=\"203\" height=\"300\" srcset=\"https:\/\/foerdemaler.de\/wp-content\/uploads\/2017\/08\/Toscanalandschaft-opti_2011-Kopie-Kopie-203x300.jpg 203w, https:\/\/foerdemaler.de\/wp-content\/uploads\/2017\/08\/Toscanalandschaft-opti_2011-Kopie-Kopie.jpg 335w\" sizes=\"auto, (max-width: 203px) 100vw, 203px\" \/><\/a><\/p>\n<p>Fertig ist die \u201cvirtuelle\u201d Landschaft. Statt der\u00a0wei\u00dfen Wand ist ein Bild mit viel Weite entstanden. Es wurde in matten Farben gemalt, um st\u00f6rende Reflektionen zu vermeiden.<\/p>\n<p>Gemalt wurde ausschlie\u00dflich mit umweltfreundlichen und geruchsneutralen Acryl- und Abt\u00f6nfarben.<\/p>\n<p>&nbsp;<\/p>\n<p><strong>Malstile und Techniken:<\/strong><\/p>\n<p>&nbsp;<\/p>\n<p><strong>Trompe-l`oeil \/ Illusionsmalerei<\/strong><\/p>\n<p><a href=\"http:\/\/foerdemaler.de\/wp-content\/uploads\/2017\/06\/vorhang-Kopie-Kopie.jpg\" data-rel=\"lightbox-image-2\" data-rl_title=\"\" data-rl_caption=\"\" title=\"\"><img loading=\"lazy\" decoding=\"async\" class=\"alignnone wp-image-227 size-medium\" src=\"http:\/\/foerdemaler.de\/wp-content\/uploads\/2017\/06\/vorhang-Kopie-Kopie-94x300.jpg\" alt=\"\" width=\"94\" height=\"300\" srcset=\"https:\/\/foerdemaler.de\/wp-content\/uploads\/2017\/06\/vorhang-Kopie-Kopie-94x300.jpg 94w, https:\/\/foerdemaler.de\/wp-content\/uploads\/2017\/06\/vorhang-Kopie-Kopie-321x1024.jpg 321w, https:\/\/foerdemaler.de\/wp-content\/uploads\/2017\/06\/vorhang-Kopie-Kopie-450x1436.jpg 450w, https:\/\/foerdemaler.de\/wp-content\/uploads\/2017\/06\/vorhang-Kopie-Kopie.jpg 452w\" sizes=\"auto, (max-width: 94px) 100vw, 94px\" \/><\/a>\u00a0\u00a0 <a href=\"http:\/\/foerdemaler.de\/wp-content\/uploads\/2017\/06\/CONVAR240.jpg\" data-rel=\"lightbox-image-3\" data-rl_title=\"\" data-rl_caption=\"\" title=\"\"><img loading=\"lazy\" decoding=\"async\" class=\"alignnone wp-image-98 size-medium\" src=\"http:\/\/foerdemaler.de\/wp-content\/uploads\/2017\/06\/CONVAR240-300x249.jpg\" alt=\"\" width=\"300\" height=\"249\" srcset=\"https:\/\/foerdemaler.de\/wp-content\/uploads\/2017\/06\/CONVAR240-300x249.jpg 300w, https:\/\/foerdemaler.de\/wp-content\/uploads\/2017\/06\/CONVAR240-768x639.jpg 768w, https:\/\/foerdemaler.de\/wp-content\/uploads\/2017\/06\/CONVAR240-1024x851.jpg 1024w, https:\/\/foerdemaler.de\/wp-content\/uploads\/2017\/06\/CONVAR240-450x374.jpg 450w, https:\/\/foerdemaler.de\/wp-content\/uploads\/2017\/06\/CONVAR240-600x499.jpg 600w\" sizes=\"auto, (max-width: 300px) 100vw, 300px\" \/><\/a>\u00a0\u00a0 <a href=\"http:\/\/foerdemaler.de\/wp-content\/uploads\/2017\/06\/Unbenannt-11254.jpg\" data-rel=\"lightbox-image-4\" data-rl_title=\"\" data-rl_caption=\"\" title=\"\"><img loading=\"lazy\" decoding=\"async\" class=\"alignnone wp-image-302 size-medium\" src=\"http:\/\/foerdemaler.de\/wp-content\/uploads\/2017\/06\/Unbenannt-11254-225x300.jpg\" alt=\"\" width=\"225\" height=\"300\" srcset=\"https:\/\/foerdemaler.de\/wp-content\/uploads\/2017\/06\/Unbenannt-11254-225x300.jpg 225w, https:\/\/foerdemaler.de\/wp-content\/uploads\/2017\/06\/Unbenannt-11254-768x1023.jpg 768w, https:\/\/foerdemaler.de\/wp-content\/uploads\/2017\/06\/Unbenannt-11254-769x1024.jpg 769w, https:\/\/foerdemaler.de\/wp-content\/uploads\/2017\/06\/Unbenannt-11254-450x599.jpg 450w, https:\/\/foerdemaler.de\/wp-content\/uploads\/2017\/06\/Unbenannt-11254-600x799.jpg 600w, https:\/\/foerdemaler.de\/wp-content\/uploads\/2017\/06\/Unbenannt-11254.jpg 1599w\" sizes=\"auto, (max-width: 225px) 100vw, 225px\" \/><\/a>\u00a0\u00a0 <a href=\"http:\/\/foerdemaler.de\/wp-content\/uploads\/2017\/06\/Unbenannt-1.jpg\" data-rel=\"lightbox-image-5\" data-rl_title=\"\" data-rl_caption=\"\" title=\"\"><img loading=\"lazy\" decoding=\"async\" class=\"alignnone wp-image-303 size-medium\" src=\"http:\/\/foerdemaler.de\/wp-content\/uploads\/2017\/06\/Unbenannt-1-222x300.jpg\" alt=\"\" width=\"222\" height=\"300\" srcset=\"https:\/\/foerdemaler.de\/wp-content\/uploads\/2017\/06\/Unbenannt-1-222x300.jpg 222w, https:\/\/foerdemaler.de\/wp-content\/uploads\/2017\/06\/Unbenannt-1-768x1040.jpg 768w, https:\/\/foerdemaler.de\/wp-content\/uploads\/2017\/06\/Unbenannt-1-756x1024.jpg 756w, https:\/\/foerdemaler.de\/wp-content\/uploads\/2017\/06\/Unbenannt-1-450x609.jpg 450w, https:\/\/foerdemaler.de\/wp-content\/uploads\/2017\/06\/Unbenannt-1-600x812.jpg 600w, https:\/\/foerdemaler.de\/wp-content\/uploads\/2017\/06\/Unbenannt-1.jpg 1328w\" sizes=\"auto, (max-width: 222px) 100vw, 222px\" \/><\/a><\/p>\n<p>Bei Malereien im Trompe-l`oeil &#8211; Stil wird der Betrachter von dem Realit\u00e4tseffekt des Bildes eingenommen. Das Motiv wirkt in seiner Perspektive, in Licht und Schatten t\u00e4uschend echt &#8211; meist wird dieser Stil in der Wandmalerei gew\u00e4hlt, um R\u00e4ume zu vergr\u00f6\u00dfern.<\/p>\n<p>Beliebte Motive sind Ausblicke in die Ferne durch S\u00e4ulen, Fenster und Arkaden, Ausblicke in\u00a0Landschaften, Parkanlagen oder in die Weite des blauen Meeres.<\/p>\n<p>&nbsp;<\/p>\n<p><strong>Abstrakte Malerei<\/strong><\/p>\n<p><a href=\"http:\/\/foerdemaler.de\/wp-content\/uploads\/2017\/06\/IMG_0165-Kopie-Kopie_Gr\u00f6\u00dfe-\u00e4ndern.jpg\" data-rel=\"lightbox-image-6\" data-rl_title=\"\" data-rl_caption=\"\" title=\"\"><img loading=\"lazy\" decoding=\"async\" class=\"alignnone wp-image-307 size-medium\" src=\"http:\/\/foerdemaler.de\/wp-content\/uploads\/2017\/06\/IMG_0165-Kopie-Kopie_Gr\u00f6\u00dfe-\u00e4ndern-300x207.jpg\" alt=\"\" width=\"300\" height=\"207\" srcset=\"https:\/\/foerdemaler.de\/wp-content\/uploads\/2017\/06\/IMG_0165-Kopie-Kopie_Gr\u00f6\u00dfe-\u00e4ndern-300x207.jpg 300w, https:\/\/foerdemaler.de\/wp-content\/uploads\/2017\/06\/IMG_0165-Kopie-Kopie_Gr\u00f6\u00dfe-\u00e4ndern-768x531.jpg 768w, https:\/\/foerdemaler.de\/wp-content\/uploads\/2017\/06\/IMG_0165-Kopie-Kopie_Gr\u00f6\u00dfe-\u00e4ndern-1024x708.jpg 1024w, https:\/\/foerdemaler.de\/wp-content\/uploads\/2017\/06\/IMG_0165-Kopie-Kopie_Gr\u00f6\u00dfe-\u00e4ndern-450x311.jpg 450w, https:\/\/foerdemaler.de\/wp-content\/uploads\/2017\/06\/IMG_0165-Kopie-Kopie_Gr\u00f6\u00dfe-\u00e4ndern-600x415.jpg 600w\" sizes=\"auto, (max-width: 300px) 100vw, 300px\" \/><\/a>\u00a0\u00a0 <a href=\"http:\/\/foerdemaler.de\/wp-content\/uploads\/2017\/06\/IMG_0164-Kopie-Kopie-1.jpg\" data-rel=\"lightbox-image-7\" data-rl_title=\"\" data-rl_caption=\"\" title=\"\"><img loading=\"lazy\" decoding=\"async\" class=\"alignnone wp-image-306 size-medium\" src=\"http:\/\/foerdemaler.de\/wp-content\/uploads\/2017\/06\/IMG_0164-Kopie-Kopie-1-300x219.jpg\" alt=\"\" width=\"300\" height=\"219\" srcset=\"https:\/\/foerdemaler.de\/wp-content\/uploads\/2017\/06\/IMG_0164-Kopie-Kopie-1-300x219.jpg 300w, https:\/\/foerdemaler.de\/wp-content\/uploads\/2017\/06\/IMG_0164-Kopie-Kopie-1-768x562.jpg 768w, https:\/\/foerdemaler.de\/wp-content\/uploads\/2017\/06\/IMG_0164-Kopie-Kopie-1-1024x749.jpg 1024w, https:\/\/foerdemaler.de\/wp-content\/uploads\/2017\/06\/IMG_0164-Kopie-Kopie-1-450x329.jpg 450w, https:\/\/foerdemaler.de\/wp-content\/uploads\/2017\/06\/IMG_0164-Kopie-Kopie-1-600x439.jpg 600w\" sizes=\"auto, (max-width: 300px) 100vw, 300px\" \/><\/a><\/p>\n<p>Die Gegenstandslosigkeit trifft das Wesen der abstrakten Kunst. Die Farben und Formen eines abstrakten Wandbildes wirken daher sehr intensiv auf den Betrachter, der das Bild meist emotionaler wahrnimmt als gegenst\u00e4ndliche Kunst. Teilweise ist eine gegenst\u00e4ndliche Interpretation von abstrakten Bildern m\u00f6glich.<\/p>\n<p>Abstrakte Malerei eignet sich ideal, um eine Vielfalt an k\u00fcnstlerischen Techniken anzuwenden: Spachteltechniken, Schichtmalereien, Mischtechniken und viele mehr.<\/p>\n<p>&nbsp;<\/p>\n<p>&nbsp;<\/p>\n<p><strong><u>Individuelle Faktoren der Preisgestaltung:<\/u><\/strong><strong><u> \u00a0<\/u><\/strong><\/p>\n<p>&nbsp;<\/p>\n<p><strong>Motiv des Wandbildes<\/strong><\/p>\n<p>Der Aufwand und somit der Preis eines Wandbildes ist ma\u00dfgeblich vom Motiv und Stil abh\u00e4ngig. Vor allem der Detailreichtum eines Bildes spielt eine ganz entscheidende Rolle. Beispielsweise ist eine Stadtszenerie durch die Menge an Details sehr aufwendig: H\u00e4user mit Fenstern und T\u00fcren, viele Menschen,\u00a0Autos, Stra\u00dfen mit Schildern und Laternen,&#8230;.<\/p>\n<p>Normalerweise sind Landschaftsmotive nicht mit dieser F\u00fclle an kleinen\u00a0Details ausgestattet und lassen sich\u00a0mit weniger Zeitaufwand malen. Ebenso gilt dieses f\u00fcr die meisten abstrakten Wandbilder.<\/p>\n<p>&nbsp;<\/p>\n<p><strong>Gr\u00f6\u00dfe der Malfl\u00e4che<\/strong><\/p>\n<p>Die Gr\u00f6\u00dfe der Malfl\u00e4che hat Einfluss auf den Zeitaufwand und auf das ben\u00f6tigte Material.<\/p>\n<p>&nbsp;<\/p>\n<p><strong>Beschaffenheit der Malfl\u00e4che<\/strong><\/p>\n<p>Die Beschaffenheit der Malfl\u00e4che beeinflusst den Aufwand einer Wandmalerei ebenfalls. Ist die Fl\u00e4che eben oder strukturiert, durch z.B. eine raue Tapete oder Rauputz?\u00a0Beinhaltet die Fl\u00e4che Kanten, Ecken oder gar Decken? Wie gut ist die Malfl\u00e4che zug\u00e4nglich? In welcher H\u00f6he befindet sie sich (ist ein Ger\u00fcst erforderlich?) Welcher Beanspruchung ist das Wandbild ausgesetzt, ist eine Schutzlasierung notwendig ?<\/p>\n<p>&nbsp;<\/p>\n<p><strong>Entw\u00fcrfe<\/strong><\/p>\n<p>Bei vielen Wandbildern sind keine Vorentw\u00fcrfe n\u00f6tig. Eine gute Absprache reicht oftmals v\u00f6llig aus. Doch gibt es nat\u00fcrlich auch Projekte, die Entw\u00fcrfe erfordern oder bei denen der Kunde Entw\u00fcrfe w\u00fcnscht.<\/p>\n<p>&nbsp;<\/p>\n<p><strong>Anfahrtswege \/ \u00dcbernachtungen<\/strong><\/p>\n<p>Letzter Faktor f\u00fcr die Gesamtkosten eines Wandbildes ist der Anfahrtsweg und die Frage, ob \u00dcbernachtungen n\u00f6tig sind.<\/p>\n<p>&nbsp;<\/p>\n<p><strong>Wie wird der Preis aus diesen Faktoren berechnet ?<\/strong><\/p>\n<p>Die\u00a0oben genannten Faktoren bilden die Anhaltspunkte f\u00fcr die Kostenberechnung. In welcher Gewichtung sie zum Tragen kommen, kann nur konkret am Projekt erwogen werden. Eine genaue Preisberechnung ist nur ganz individuell f\u00fcr jedes einzelne Wandbild bzw. Wandmalprojekt m\u00f6glich. Diese Berechnung ist jedoch in den meisten F\u00e4llen sehr gut per Telefon bzw.\u00a0email durchf\u00fchrbar. Fragen Sie bitte ganz einfach und unverbindlich bei mir an.<\/p>\n<p>&nbsp;<\/p>\n<p><strong>Konkrete Preis &#8211; Beispiele :<\/strong><\/p>\n<p>Damit Sie einen Eindruck bez\u00fcglich der Kosten von Wandbemalungen oder Gem\u00e4lden bekommen, m\u00f6chte ich Ihnen hier einige konkrete Preis &#8211; Beispiele geben:<\/p>\n<p><img loading=\"lazy\" decoding=\"async\" class=\"alignnone wp-image-314\" src=\"http:\/\/foerdemaler.de\/wp-content\/uploads\/2017\/06\/DSCF6176.jpg\" alt=\"\" width=\"293\" height=\"238\" srcset=\"https:\/\/foerdemaler.de\/wp-content\/uploads\/2017\/06\/DSCF6176.jpg 1555w, https:\/\/foerdemaler.de\/wp-content\/uploads\/2017\/06\/DSCF6176-300x244.jpg 300w, https:\/\/foerdemaler.de\/wp-content\/uploads\/2017\/06\/DSCF6176-768x625.jpg 768w, https:\/\/foerdemaler.de\/wp-content\/uploads\/2017\/06\/DSCF6176-1024x834.jpg 1024w, https:\/\/foerdemaler.de\/wp-content\/uploads\/2017\/06\/DSCF6176-450x366.jpg 450w, https:\/\/foerdemaler.de\/wp-content\/uploads\/2017\/06\/DSCF6176-600x488.jpg 600w\" sizes=\"auto, (max-width: 293px) 100vw, 293px\" \/><\/p>\n<p>Detalierte Wandmalerei ca. 370 cm x 260 cm <strong>Kosten <\/strong>(ohne Anfahrt)<strong>: 954,- Euro.<\/strong><\/p>\n<p>&nbsp;<\/p>\n<\/div>\n<p><a href=\"http:\/\/foerdemaler.de\/wp-content\/uploads\/2017\/06\/IMG_0187-1.jpg\" data-rel=\"lightbox-image-8\" data-rl_title=\"\" data-rl_caption=\"\" title=\"\"><img loading=\"lazy\" decoding=\"async\" class=\"alignnone wp-image-305 size-medium\" src=\"http:\/\/foerdemaler.de\/wp-content\/uploads\/2017\/06\/IMG_0187-1-300x292.jpg\" alt=\"\" width=\"300\" height=\"292\" srcset=\"https:\/\/foerdemaler.de\/wp-content\/uploads\/2017\/06\/IMG_0187-1-300x292.jpg 300w, https:\/\/foerdemaler.de\/wp-content\/uploads\/2017\/06\/IMG_0187-1-768x746.jpg 768w, https:\/\/foerdemaler.de\/wp-content\/uploads\/2017\/06\/IMG_0187-1-1024x995.jpg 1024w, https:\/\/foerdemaler.de\/wp-content\/uploads\/2017\/06\/IMG_0187-1-450x437.jpg 450w, https:\/\/foerdemaler.de\/wp-content\/uploads\/2017\/06\/IMG_0187-1-600x583.jpg 600w\" sizes=\"auto, (max-width: 300px) 100vw, 300px\" \/><\/a><\/p>\n<p>Triptychon\u00a0 Malerei. 250 cm x 250 cm.\u00a0Malgrund: Leinwand. Kein Vorentwurf n\u00f6tig. <strong>Kosten <\/strong>(ohne Anfahrt)<strong>: 850,- Euro<\/strong>.<\/p>\n<p>&nbsp;<\/p>\n<p><a href=\"http:\/\/foerdemaler.de\/wp-content\/uploads\/2017\/06\/DCP_0065-Kopie-Kopie.jpg\" data-rel=\"lightbox-image-9\" data-rl_title=\"\" data-rl_caption=\"\" title=\"\"><img loading=\"lazy\" decoding=\"async\" class=\"alignnone wp-image-146 size-medium\" src=\"http:\/\/foerdemaler.de\/wp-content\/uploads\/2017\/06\/DCP_0065-Kopie-Kopie-300x214.jpg\" alt=\"\" width=\"300\" height=\"214\" srcset=\"https:\/\/foerdemaler.de\/wp-content\/uploads\/2017\/06\/DCP_0065-Kopie-Kopie-300x214.jpg 300w, https:\/\/foerdemaler.de\/wp-content\/uploads\/2017\/06\/DCP_0065-Kopie-Kopie-768x548.jpg 768w, https:\/\/foerdemaler.de\/wp-content\/uploads\/2017\/06\/DCP_0065-Kopie-Kopie-1024x731.jpg 1024w, https:\/\/foerdemaler.de\/wp-content\/uploads\/2017\/06\/DCP_0065-Kopie-Kopie-450x321.jpg 450w, https:\/\/foerdemaler.de\/wp-content\/uploads\/2017\/06\/DCP_0065-Kopie-Kopie-600x428.jpg 600w, https:\/\/foerdemaler.de\/wp-content\/uploads\/2017\/06\/DCP_0065-Kopie-Kopie.jpg 1698w\" sizes=\"auto, (max-width: 300px) 100vw, 300px\" \/><\/a><\/p>\n<p>Fine Art Airbrush 50 cm x 70 cm Malgrund: Karton <strong>Kosten<\/strong><strong>: 600,- Euro.<\/strong><\/p>\n<p>&nbsp;<\/p>\n<p><a href=\"http:\/\/foerdemaler.de\/wp-content\/uploads\/2017\/06\/DSCN3473-Kopie-Kopie.jpg\" data-rel=\"lightbox-image-10\" data-rl_title=\"\" data-rl_caption=\"\" title=\"\"><img loading=\"lazy\" decoding=\"async\" class=\"alignnone wp-image-324 size-medium\" src=\"http:\/\/foerdemaler.de\/wp-content\/uploads\/2017\/06\/DSCN3473-Kopie-Kopie-300x289.jpg\" alt=\"\" width=\"300\" height=\"289\" srcset=\"https:\/\/foerdemaler.de\/wp-content\/uploads\/2017\/06\/DSCN3473-Kopie-Kopie-300x289.jpg 300w, https:\/\/foerdemaler.de\/wp-content\/uploads\/2017\/06\/DSCN3473-Kopie-Kopie-768x739.jpg 768w, https:\/\/foerdemaler.de\/wp-content\/uploads\/2017\/06\/DSCN3473-Kopie-Kopie-1024x985.jpg 1024w, https:\/\/foerdemaler.de\/wp-content\/uploads\/2017\/06\/DSCN3473-Kopie-Kopie-450x433.jpg 450w, https:\/\/foerdemaler.de\/wp-content\/uploads\/2017\/06\/DSCN3473-Kopie-Kopie-600x577.jpg 600w\" sizes=\"auto, (max-width: 300px) 100vw, 300px\" \/><\/a><\/p>\n<p>Malerei. 15 cm x 15 cm. \u00d6l auf Leinwandkarton. Kein Vorentwurf n\u00f6tig. <strong>Kosten <\/strong>(ohne Anfahrt)<strong>: 90,- Euro<\/strong>.<\/p>\n<div class=\"fll img\"><\/div>\n<div class=\"flr\">\n<div class=\"newcletter\"><strong>Die Preise f\u00fcr solche akribisch gemalte Wandgem\u00e4lde und Kunstwerke w\u00e4hren kaum zu bezahlen, gelte nicht mein Interesse vordergr\u00fcndig der Kunst statt dem Mammon.<\/strong><\/div>\n<\/div>\n<p>&nbsp;<\/p>\n","protected":false},"excerpt":{"rendered":"<p>Sie m\u00f6chten ein Bild kaufen oder in Auftrag geben? Nehmen Sie per e-mail oder telefonisch Kontakt mit mir auf und schildern Sie mir Ihre W\u00fcnsche und Vorstellungen. Wohnraum gestalten durch [&hellip;]<\/p>\n","protected":false},"author":1,"featured_media":0,"parent":0,"menu_order":0,"comment_status":"closed","ping_status":"closed","template":"","meta":{"footnotes":""},"class_list":["post-67","page","type-page","status-publish","hentry"],"_links":{"self":[{"href":"https:\/\/foerdemaler.de\/index.php?rest_route=\/wp\/v2\/pages\/67","targetHints":{"allow":["GET"]}}],"collection":[{"href":"https:\/\/foerdemaler.de\/index.php?rest_route=\/wp\/v2\/pages"}],"about":[{"href":"https:\/\/foerdemaler.de\/index.php?rest_route=\/wp\/v2\/types\/page"}],"author":[{"embeddable":true,"href":"https:\/\/foerdemaler.de\/index.php?rest_route=\/wp\/v2\/users\/1"}],"replies":[{"embeddable":true,"href":"https:\/\/foerdemaler.de\/index.php?rest_route=%2Fwp%2Fv2%2Fcomments&post=67"}],"version-history":[{"count":24,"href":"https:\/\/foerdemaler.de\/index.php?rest_route=\/wp\/v2\/pages\/67\/revisions"}],"predecessor-version":[{"id":250,"href":"https:\/\/foerdemaler.de\/index.php?rest_route=\/wp\/v2\/pages\/67\/revisions\/250"}],"wp:attachment":[{"href":"https:\/\/foerdemaler.de\/index.php?rest_route=%2Fwp%2Fv2%2Fmedia&parent=67"}],"curies":[{"name":"wp","href":"https:\/\/api.w.org\/{rel}","templated":true}]}}